{"id":1089,"date":"2021-08-18T12:31:49","date_gmt":"2021-08-18T10:31:49","guid":{"rendered":"https:\/\/073n1kcakxi.preview.infomaniak.website\/?page_id=1089"},"modified":"2026-04-11T20:16:46","modified_gmt":"2026-04-11T18:16:46","slug":"goetes-cartes-passe-paris","status":"publish","type":"page","link":"https:\/\/www.searthcabal.com\/fr\/goetes-cartes-passe-paris\/","title":{"rendered":"Cartes du pass\u00e9\u00a0: Paris"},"content":{"rendered":"<p><span style=\"color: #52401e; font-family: book antiqua, palatino;\">Vers 1550, le graveur Olivier Truschet et l\u2019\u00e9diteur Germain Hoyau immortalis\u00e8rent le Paris du XVI<sup>e<\/sup> si\u00e8cle.<\/span><\/p>\n<p style=\"text-align: center;\"><span style=\"color: #52401e; font-family: book antiqua, palatino;\"><span style=\"font-size: 10pt;\"><img loading=\"lazy\" decoding=\"async\" class=\"alignnone wp-image-1071 size-medium\" src=\"https:\/\/www.searthcabal.com\/wp-content\/uploads\/2021\/08\/PTH-300x218.jpg\" alt=\"[Truschet-Hoyau]\" width=\"300\" height=\"218\" srcset=\"https:\/\/www.searthcabal.com\/wp-content\/uploads\/2021\/08\/PTH-300x218.jpg 300w, https:\/\/www.searthcabal.com\/wp-content\/uploads\/2021\/08\/PTH.jpg 413w\" sizes=\"auto, (max-width: 300px) 100vw, 300px\" \/><br \/>\nPlan de Paris de Truschet et Hoyau\/Plan de B\u00e2le, vers 1550.<br \/>\n(Disponible en haute r\u00e9solution sur <a href=\"https:\/\/commons.wikimedia.org\/wiki\/File:Plan_de_Paris_vers_1550_color.jpg\" target=\"_blank\" rel=\"noopener\"><span style=\"text-decoration: underline;\">Wikimedia Commons<\/span><\/a>.)<\/span><\/span><\/p>\n<p><span style=\"color: #52401e; font-family: book antiqua, palatino;\">Sur ce plan grav\u00e9 sur bois, le nord est \u00e0 gauche : l\u2019on peut y voir le sinistre gibet de Montfaucon, qui ne fut abandonn\u00e9 qu\u2019au XVII<sup>e<\/sup> si\u00e8cle. Au c\u0153ur de la ville figurent l\u2019\u00cele de la Cit\u00e9 et son joyau \u2013 Notre-Dame de Paris. Non loin de l\u00e0, au nord, le promeneur tombe sur le cimeti\u00e8re des Saints-Innocents dans le quartier des Halles. Il fut compl\u00e8tement d\u00e9mantel\u00e9 au XVIII<sup>e<\/sup>\u00a0si\u00e8cle.<\/span><\/p>\n<p><center><span style=\"font-family: book antiqua, palatino;\"><span style=\"color: #52401e;\"><img loading=\"lazy\" decoding=\"async\" class=\"alignnone wp-image-1079 size-full\" src=\"https:\/\/www.searthcabal.com\/wp-content\/uploads\/2021\/08\/PTH-MF.jpg\" alt=\"[Montfaucon]\" width=\"150\" height=\"150\" \/> \u00a0\u00a0\u00a0 <img loading=\"lazy\" decoding=\"async\" class=\"alignnone wp-image-1081 size-full\" src=\"https:\/\/www.searthcabal.com\/wp-content\/uploads\/2021\/08\/PTH-ND.jpg\" alt=\"[Notre-Dame]\" width=\"150\" height=\"150\" \/><\/span><span style=\"color: #52401e;\"> \u00a0 \u00a0 <img loading=\"lazy\" decoding=\"async\" class=\"alignnone wp-image-1083 size-full\" src=\"https:\/\/www.searthcabal.com\/wp-content\/uploads\/2021\/08\/PTH-SI.jpg\" alt=\"[Saints-Innocents]\" width=\"150\" height=\"150\" \/><br \/>\n<\/span><\/span><\/center><span style=\"color: #52401e; font-family: book antiqua, palatino;\">L\u2019\u0153il attentif d\u00e9c\u00e8lera des d\u00e9tails r\u00e9v\u00e9lateurs de la vie quotidienne. Parmi les divertissements les plus pris\u00e9s\u2026<\/span><\/p>\n<p style=\"text-align: center;\"><span style=\"color: #52401e; font-family: book antiqua, palatino;\"><img loading=\"lazy\" decoding=\"async\" class=\"alignnone wp-image-1073 size-full\" src=\"https:\/\/www.searthcabal.com\/wp-content\/uploads\/2021\/08\/PTH-H1.jpg\" alt=\"[Place Maubert]\" width=\"161\" height=\"150\" \/><br \/>\n\u2026 Des pendaisons\u2026<\/span><\/p>\n<p style=\"text-align: center;\"><span style=\"color: #52401e; font-family: book antiqua, palatino;\"><img loading=\"lazy\" decoding=\"async\" class=\"alignnone wp-image-1075 size-full\" src=\"https:\/\/www.searthcabal.com\/wp-content\/uploads\/2021\/08\/PTH-H2.jpg\" alt=\"[March\u00e9]\" width=\"253\" height=\"150\" \/><br \/>\n\u2026 D\u2019autres pendaisons\u2026<\/span><\/p>\n<p style=\"text-align: center;\"><span style=\"color: #52401e; font-family: book antiqua, palatino;\"><img loading=\"lazy\" decoding=\"async\" class=\"alignnone wp-image-1077 size-medium\" src=\"https:\/\/www.searthcabal.com\/wp-content\/uploads\/2021\/08\/PTH-LP-300x137.jpg\" alt=\"[Longue paume]\" width=\"300\" height=\"137\" srcset=\"https:\/\/www.searthcabal.com\/wp-content\/uploads\/2021\/08\/PTH-LP-300x137.jpg 300w, https:\/\/www.searthcabal.com\/wp-content\/uploads\/2021\/08\/PTH-LP.jpg 329w\" sizes=\"auto, (max-width: 300px) 100vw, 300px\" \/><br \/>\n\u2026 Et : des parties de longue paume !<\/span><\/p>\n<p><span style=\"color: #52401e; font-family: book antiqua, palatino;\">Retrouv\u00e9 en Suisse au XIX<sup>e<\/sup> si\u00e8cle, ce plan superbe est conserv\u00e9 \u00e0 l\u2019universit\u00e9 de B\u00e2le.<\/span><\/p>\n<hr \/>\n<p style=\"text-align: center;\"><span style=\"color: #52401e; font-family: book antiqua, palatino;\"><span style=\"font-size: 18pt;\"><a href=\"https:\/\/www.searthcabal.com\/fr\/book\/goetes\/\"><span style=\"text-decoration: underline;\">Retour \u00e0 la page du livre<\/span><\/a> | <a href=\"https:\/\/www.searthcabal.com\/fr\/goetes-cartes-passe-rome\/\"><span style=\"text-decoration: underline;\">Cartes du pass\u00e9\u00a0: Rome<\/span><\/a><\/span><\/span><\/p>\n","protected":false},"excerpt":{"rendered":"<p>Vers 1550, le graveur Olivier Truschet et l\u2019\u00e9diteur Germain Hoyau immortalis\u00e8rent le Paris du XVIe si\u00e8cle. Plan de Paris de Truschet et Hoyau\/Plan de B\u00e2le, vers 1550. (Disponible en haute r\u00e9solution sur Wikimedia Commons.) Sur ce plan grav\u00e9 sur bois, le nord est \u00e0 gauche : l\u2019on peut y voir le sinistre gibet de Montfaucon, [&hellip;]<\/p>\n","protected":false},"author":2,"featured_media":0,"parent":0,"menu_order":0,"comment_status":"closed","ping_status":"closed","template":"","meta":{"_genesis_hide_title":false,"_genesis_hide_breadcrumbs":false,"_genesis_hide_singular_image":false,"_genesis_hide_footer_widgets":false,"_genesis_custom_body_class":"","_genesis_custom_post_class":"","_genesis_layout":"","footnotes":""},"class_list":{"0":"post-1089","1":"page","2":"type-page","3":"status-publish","5":"entry"},"_links":{"self":[{"href":"https:\/\/www.searthcabal.com\/fr\/wp-json\/wp\/v2\/pages\/1089","targetHints":{"allow":["GET"]}}],"collection":[{"href":"https:\/\/www.searthcabal.com\/fr\/wp-json\/wp\/v2\/pages"}],"about":[{"href":"https:\/\/www.searthcabal.com\/fr\/wp-json\/wp\/v2\/types\/page"}],"author":[{"embeddable":true,"href":"https:\/\/www.searthcabal.com\/fr\/wp-json\/wp\/v2\/users\/2"}],"replies":[{"embeddable":true,"href":"https:\/\/www.searthcabal.com\/fr\/wp-json\/wp\/v2\/comments?post=1089"}],"version-history":[{"count":6,"href":"https:\/\/www.searthcabal.com\/fr\/wp-json\/wp\/v2\/pages\/1089\/revisions"}],"predecessor-version":[{"id":1582,"href":"https:\/\/www.searthcabal.com\/fr\/wp-json\/wp\/v2\/pages\/1089\/revisions\/1582"}],"wp:attachment":[{"href":"https:\/\/www.searthcabal.com\/fr\/wp-json\/wp\/v2\/media?parent=1089"}],"curies":[{"name":"wp","href":"https:\/\/api.w.org\/{rel}","templated":true}]}}