{"id":1143,"date":"2021-08-18T16:58:01","date_gmt":"2021-08-18T14:58:01","guid":{"rendered":"https:\/\/073n1kcakxi.preview.infomaniak.website\/?page_id=1143"},"modified":"2026-04-11T20:19:13","modified_gmt":"2026-04-11T18:19:13","slug":"goetes-cartes-passe-rome","status":"publish","type":"page","link":"https:\/\/www.searthcabal.com\/fr\/goetes-cartes-passe-rome\/","title":{"rendered":"Cartes du pass\u00e9\u00a0: Rome"},"content":{"rendered":"<p><span style=\"font-family: book antiqua, palatino; color: #52401e;\">Ouvrage compagnon du <em>Theatrum Orbis Terrarum<\/em> (1570) d\u2019Abraham Ortelius \u2013 le premier atlas moderne \u2013, le <em>Civitates Orbis Terrarum<\/em> (1572-1617) de Georg Braun et Frans Hogenberg est une collection en six volumes de cartes de villes. Rome y figure dans toute sa splendeur :<\/span><\/p>\n<p style=\"text-align: center;\"><span style=\"font-family: book antiqua, palatino; color: #52401e;\"><img loading=\"lazy\" decoding=\"async\" class=\"alignnone wp-image-1127 size-medium\" src=\"https:\/\/www.searthcabal.com\/wp-content\/uploads\/2021\/08\/Civitates-Roma-300x209.jpg\" alt=\"[Civitates Roma]\" width=\"300\" height=\"209\" srcset=\"https:\/\/www.searthcabal.com\/wp-content\/uploads\/2021\/08\/Civitates-Roma-300x209.jpg 300w, https:\/\/www.searthcabal.com\/wp-content\/uploads\/2021\/08\/Civitates-Roma.jpg 431w\" sizes=\"auto, (max-width: 300px) 100vw, 300px\" \/><br \/>\n<span style=\"font-size: 10pt;\">Rome (Roma), par Georg Braun et Frans Hogenberg, 1572.<\/span><br \/>\n<span style=\"font-size: 10pt;\">(Disponible en haute r\u00e9solution sur <a href=\"https:\/\/sanderusmaps.com\/our-catalogue\/antique-maps\/europe\/italy-cities\/old-antique-bird-s-eye-view-plan-of-rome-roma-by-georg-braun-frans-hogenberg-21991\" target=\"_blank\" rel=\"noopener\"><span style=\"text-decoration: underline;\">Antiquariaat Sanderus<\/span><\/a>.)<\/span><\/span><\/p>\n<p><span style=\"font-family: book antiqua, palatino; color: #52401e;\">Au nord \u2013 sur la gauche \u2013, le ch\u00e2teau Saint-Ange domine le Tibre. L\u2019ob\u00e9lisque \u00e9gyptienne, qui <a href=\"https:\/\/commons.wikimedia.org\/wiki\/File:0_Place_Saint-Pierre_-_Vatican.JPG\" target=\"_blank\" rel=\"noopener\"><span style=\"text-decoration: underline;\">attirera bient\u00f4t les regards<\/span><\/a> au centre de la place Saint-Pierre, marque encore le site du cirque de N\u00e9ron (juste au-dessus du coin inf\u00e9rieur gauche).<\/span><\/p>\n<p style=\"text-align: center;\"><span style=\"font-family: book antiqua, palatino; color: #52401e;\"><em><img loading=\"lazy\" decoding=\"async\" class=\"alignnone wp-image-1133 size-medium\" src=\"https:\/\/www.searthcabal.com\/wp-content\/uploads\/2021\/08\/Roma-section-300x161.jpg\" alt=\"[Section Civitates Roma]\" width=\"300\" height=\"161\" srcset=\"https:\/\/www.searthcabal.com\/wp-content\/uploads\/2021\/08\/Roma-section-300x161.jpg 300w, https:\/\/www.searthcabal.com\/wp-content\/uploads\/2021\/08\/Roma-section.jpg 559w\" sizes=\"auto, (max-width: 300px) 100vw, 300px\" \/><\/em><\/span><\/p>\n<p><span style=\"font-family: book antiqua, palatino; color: #52401e;\">\u00c9tienne Dup\u00e9rac, un graveur, peintre et architecte fran\u00e7ais, propose un aper\u00e7u plus d\u00e9taill\u00e9.<br \/>\n<\/span><\/p>\n<p style=\"text-align: center;\"><span style=\"font-family: book antiqua, palatino; color: #52401e;\"><img loading=\"lazy\" decoding=\"async\" class=\"alignnone size-medium wp-image-1156\" src=\"https:\/\/www.searthcabal.com\/wp-content\/uploads\/2021\/08\/Nova-urbis-Romae-top-right-300x259.jpg\" alt=\"[Nova urbis Romae section]\" width=\"300\" height=\"259\" srcset=\"https:\/\/www.searthcabal.com\/wp-content\/uploads\/2021\/08\/Nova-urbis-Romae-top-right-300x259.jpg 300w, https:\/\/www.searthcabal.com\/wp-content\/uploads\/2021\/08\/Nova-urbis-Romae-top-right.jpg 347w\" sizes=\"auto, (max-width: 300px) 100vw, 300px\" \/><br \/>\n<span style=\"font-size: 10pt;\">Section sup\u00e9rieure droite de <em>Nova Urbis Romae Descriptio<\/em>, \u00c9tienne Dup\u00e9rac, vers 1577.<\/span><br \/>\n<span style=\"font-size: 10pt;\">(Carte compl\u00e8te disponible en haute r\u00e9solution dans la <a href=\"https:\/\/digi.ub.uni-heidelberg.de\/diglit\/piante_roma_bd2\/0080?\" target=\"_blank\" rel=\"noopener\"><span style=\"text-decoration: underline;\">biblioth\u00e8que de l\u2019universit\u00e9 de Heidelberg<\/span><\/a>.)<\/span><\/span><\/p>\n<p><span style=\"font-family: book antiqua, palatino; color: #52401e;\">Le Passetto di Borgo (800 m), qui relie le Saint-Si\u00e8ge (en haut) au ch\u00e2teau Saint-Ange (hors champ), est visible au bas de l\u2019image. Un petit monument figure dans la cour (le quadriportique) de la basilique Saint-Pierre.<\/span><\/p>\n<p style=\"text-align: center;\"><span style=\"font-family: book antiqua, palatino; color: #52401e;\"><img loading=\"lazy\" decoding=\"async\" class=\"alignnone wp-image-1131 size-medium\" src=\"https:\/\/www.searthcabal.com\/wp-content\/uploads\/2021\/08\/Pinecone-300x274.jpg\" alt=\"[Pomme de pin]\" width=\"300\" height=\"274\" srcset=\"https:\/\/www.searthcabal.com\/wp-content\/uploads\/2021\/08\/Pinecone-300x274.jpg 300w, https:\/\/www.searthcabal.com\/wp-content\/uploads\/2021\/08\/Pinecone.jpg 329w\" sizes=\"auto, (max-width: 300px) 100vw, 300px\" \/><br \/>\n<span style=\"font-size: 10pt;\">Dessin de G. A. Dosio (1533-1609), vers 1575, Uffizi, Florence.<br \/>\nVia C. Huelsen, \u201cDer Cantharus von Alt-St.-Peter und die antiken Pignen-Brunnen\u201d<br \/>\n<em>Romische Mitteilungen<\/em> 19 (1904), 88-102. Fig. 1, p. 89.<\/span><br \/>\n<span style=\"font-size: 10pt;\">(Disponible, avec d\u2019autres dessins, sur <a href=\"https:\/\/archive.org\/details\/mitteilungendesd19deut\/page\/88\/mode\/2up\" target=\"_blank\" rel=\"noopener\"><span style=\"text-decoration: underline;\">Archive.org<\/span><\/a>.)<\/span><\/span><\/p>\n<p><span style=\"color: #52401e;\"><span style=\"font-family: book antiqua, palatino;\">C\u2019est une grande pomme de pin en bronze surmont\u00e9e de paons. Certaines illustrations et descriptions la placent \u00e0 c\u00f4t\u00e9 d\u2019une fontaine ; d\u2019autres en font une fontaine (canthare). Les <a href=\"https:\/\/www.museivaticani.va\/content\/museivaticani\/fr\/collezioni\/musei\/braccio-nuovo\/Pavoni.html\" target=\"_blank\" rel=\"noopener\"><span style=\"text-decoration: underline;\">Mus\u00e9es du Vatican<\/span><\/a> attestent la seconde version : <em>\u00ab Il s\u2019agissait d\u2019une fontaine destin\u00e9e aux ablutions des p\u00e8lerins, au centre de laquelle se trouvait une grande pigne en bronze \u00bb<\/em>.\u00a0<\/span><span style=\"font-family: book antiqua, palatino;\">D\u00e9plac\u00e9e en 1608, la pomme de pin donne aujourd\u2019hui son nom \u00e0 la <a href=\"https:\/\/commons.wikimedia.org\/wiki\/File:Cortile_della_Pigna_pine_cone_2.jpg\" target=\"_blank\" rel=\"noopener\"><span style=\"text-decoration: underline;\">Cour de la Pigne<\/span><\/a> des Mus\u00e9es du Vatican.<\/span><\/span><\/p>\n<hr \/>\n<p style=\"text-align: center;\"><span style=\"color: #52401e; font-family: book antiqua, palatino;\"><span style=\"font-size: 18pt;\"><a href=\"https:\/\/www.searthcabal.com\/fr\/book\/goetes\/\"><span style=\"text-decoration: underline;\">Retour \u00e0 la page du livre<\/span><\/a> | <a href=\"https:\/\/www.searthcabal.com\/fr\/goetes-cartes-passe-paris\/\"><span style=\"text-decoration: underline;\">Cartes du pass\u00e9\u00a0: Paris<\/span><\/a><\/span><\/span><\/p>\n","protected":false},"excerpt":{"rendered":"<p>Ouvrage compagnon du Theatrum Orbis Terrarum (1570) d\u2019Abraham Ortelius \u2013 le premier atlas moderne \u2013, le Civitates Orbis Terrarum (1572-1617) de Georg Braun et Frans Hogenberg est une collection en six volumes de cartes de villes. Rome y figure dans toute sa splendeur : Rome (Roma), par Georg Braun et Frans Hogenberg, 1572. (Disponible en [&hellip;]<\/p>\n","protected":false},"author":2,"featured_media":0,"parent":0,"menu_order":0,"comment_status":"closed","ping_status":"closed","template":"","meta":{"_genesis_hide_title":false,"_genesis_hide_breadcrumbs":false,"_genesis_hide_singular_image":false,"_genesis_hide_footer_widgets":false,"_genesis_custom_body_class":"","_genesis_custom_post_class":"","_genesis_layout":"","footnotes":""},"class_list":{"0":"post-1143","1":"page","2":"type-page","3":"status-publish","5":"entry"},"_links":{"self":[{"href":"https:\/\/www.searthcabal.com\/fr\/wp-json\/wp\/v2\/pages\/1143","targetHints":{"allow":["GET"]}}],"collection":[{"href":"https:\/\/www.searthcabal.com\/fr\/wp-json\/wp\/v2\/pages"}],"about":[{"href":"https:\/\/www.searthcabal.com\/fr\/wp-json\/wp\/v2\/types\/page"}],"author":[{"embeddable":true,"href":"https:\/\/www.searthcabal.com\/fr\/wp-json\/wp\/v2\/users\/2"}],"replies":[{"embeddable":true,"href":"https:\/\/www.searthcabal.com\/fr\/wp-json\/wp\/v2\/comments?post=1143"}],"version-history":[{"count":6,"href":"https:\/\/www.searthcabal.com\/fr\/wp-json\/wp\/v2\/pages\/1143\/revisions"}],"predecessor-version":[{"id":1583,"href":"https:\/\/www.searthcabal.com\/fr\/wp-json\/wp\/v2\/pages\/1143\/revisions\/1583"}],"wp:attachment":[{"href":"https:\/\/www.searthcabal.com\/fr\/wp-json\/wp\/v2\/media?parent=1143"}],"curies":[{"name":"wp","href":"https:\/\/api.w.org\/{rel}","templated":true}]}}