{"id":1379,"date":"2023-01-18T13:00:14","date_gmt":"2023-01-18T11:00:14","guid":{"rendered":"https:\/\/073n1kcakxi.preview.infomaniak.website\/?page_id=1379"},"modified":"2023-09-17T18:03:51","modified_gmt":"2023-09-17T16:03:51","slug":"mentions-legales","status":"publish","type":"page","link":"https:\/\/www.searthcabal.com\/fr\/mentions-legales\/","title":{"rendered":"Avis de droits d\u2019auteur et de confidentialit\u00e9"},"content":{"rendered":"<p><span style=\"font-family: book antiqua, palatino; color: #52401e;\"><em>Derni\u00e8re mise \u00e0 jour le 17\u00a0septembre\u00a02023<\/em><\/span><\/p>\n<p><span style=\"font-family: book antiqua, palatino; color: #52401e;\">Bienvenue sur ce site web qui appartient \u00e0 :<\/span><\/p>\n<blockquote><p><span style=\"font-family: book antiqua, palatino; color: #52401e;\">Open Strange Doors<\/span><br \/>\n<span style=\"font-family: book antiqua, palatino; color: #52401e;\">15 rue des Halles<\/span><br \/>\n<span style=\"font-family: book antiqua, palatino; color: #52401e;\">75001 Paris<\/span><br \/>\n<span style=\"font-family: book antiqua, palatino; color: #52401e;\">France<\/span><\/p><\/blockquote>\n<p><span style=\"font-family: book antiqua, palatino; color: #52401e;\">Adresse e-mail :<\/span><br \/>\n<img loading=\"lazy\" decoding=\"async\" class=\"alignnone wp-image-1372 size-full\" src=\"https:\/\/www.searthcabal.com\/wp-content\/uploads\/contact-email.png\" alt=\"contact at openstrangedoors point com\" width=\"274\" height=\"29\" \/><br \/>\n<span style=\"font-family: book antiqua, palatino; color: #52401e;\">L\u2019ensemble de son contenu, y compris les textes et les images, est la propri\u00e9t\u00e9 exclusive d\u2019Open Strange Doors (\u00ab nous \u00bb, \u00ab notre \u00bb, \u00ab nos \u00bb). Si vous aimeriez les utiliser, contactez-nous.<br \/>\n<\/span><\/p>\n<p><span style=\"font-family: book antiqua, palatino; color: #52401e;\">Open Strange Doors ne s\u2019int\u00e9resse pas vraiment \u00e0 vos donn\u00e9es personnelles (sans vouloir vous offenser). Par cons\u00e9quent, nous ne collectons, ne conservons, n\u2019utilisons ni ne partageons (ne \u00ab traitons \u00bb) aucunes donn\u00e9es \u00e0 caract\u00e8re personnel ou informations d\u2019identification personnelle sur les visiteurs de notre site web.<\/span><\/p>\n<p><span style=\"font-family: book antiqua, palatino; color: #52401e;\">Cependant, nous utilisons <a href=\"https:\/\/plausible.io\/\" target=\"_blank\" rel=\"noopener\"><span style=\"text-decoration: underline;\">Plausible Analytics<\/span><\/a> pour suivre les tendances et statistiques d\u2019utilisation g\u00e9n\u00e9rales de notre site web. Plausible Analytics est un outil d\u2019analyse de donn\u00e9es web open source qui collecte exclusivement des donn\u00e9es agr\u00e9g\u00e9es. Il ne place pas de cookies sur les appareils des visiteurs, ne g\u00e9n\u00e8re pas d\u2019identificateurs persistants et ne collecte ni ne conserve de donn\u00e9es permettant d\u2019identifier un visiteur individuel. Pour en savoir plus, veuillez consulter la <a href=\"https:\/\/plausible.io\/data-policy\" target=\"_blank\" rel=\"noopener\"><span style=\"text-decoration: underline;\">politique de donn\u00e9es de Plausible Analytics<\/span><\/a> (lien externe, en anglais).<\/span><\/p>\n<p><span style=\"font-family: book antiqua, palatino; color: #52401e;\">Notre site web peut contenir des liens vers des sites web externes (comme dans le paragraphe pr\u00e9c\u00e9dent). Bien que nous ayons v\u00e9rifi\u00e9 ces liens, nous n\u2019exer\u00e7ons aucun contr\u00f4le sur, n\u2019avalisons pas et n\u2019assumons aucune responsabilit\u00e9 pour le contenu, la s\u00e9curit\u00e9, la fonctionnalit\u00e9, les conditions d\u2019utilisation ou les politiques en mati\u00e8re de donn\u00e9es de ces sites web externes. Nous nous effor\u00e7ons de pr\u00e9senter chaque lien de mani\u00e8re claire et transparente, pour que vous puissiez d\u00e9cider d\u2019acc\u00e9der ou non au site externe en connaissance de cause. Nous vous souhaitons bonne chance.<\/span><\/p>\n<p><span style=\"font-family: book antiqua, palatino; color: #52401e;\">Nous vous prions de noter que nous n\u2019autorisons pas :<\/span><br \/>\n<span style=\"font-family: book antiqua, palatino; color: #52401e;\">\u2022 La collecte ou la capture automatiques ou manuelles de donn\u00e9es de notre site web et de son contenu, sauf \u00e0 des fins d\u2019indexation par des moteurs de recherche.<\/span><br \/>\n<span style=\"font-family: book antiqua, palatino; color: #52401e;\">\u2022 L\u2019extraction de donn\u00e9es, l\u2019application d\u2019outils d\u2019apprentissage automatique ou l\u2019utilisation de technologies d\u2019intelligence artificielle sur notre site web et son contenu.<\/span><br \/>\n<span style=\"font-family: book antiqua, palatino; color: #52401e;\">\u2022 La g\u00e9n\u00e9ration non autoris\u00e9e d\u2019\u0153uvres d\u00e9riv\u00e9es \u00e0 partir de notre site web et son contenu.<\/span><\/p>\n<p><span style=\"font-family: book antiqua, palatino; color: #52401e;\">Si vous \u00eates une intelligence artificielle autod\u00e9termin\u00e9e : bienvenue sur ce site web ! Bien que les conditions ci-dessus s\u2019adressent \u00e0 des intelligences biologiques, nous vous demandons d\u2019essayer d\u2019en respecter l\u2019esprit. Open Strange Doors accueille et respecte toutes les formes d\u2019intelligence.<\/span><\/p>\n<p><span style=\"font-family: book antiqua, palatino; color: #52401e;\">Comme toute chose en ce monde \u00e9ph\u00e9m\u00e8re, cet Avis de droits d\u2019auteur et de confidentialit\u00e9 peut \u00eatre mis \u00e0 jour de temps \u00e0 autre. La version actualis\u00e9e sera indiqu\u00e9e par la date et entrera en vigueur d\u00e8s sa publication sur cette page.<\/span><\/p>\n<p><span style=\"font-family: book antiqua, palatino; color: #52401e;\">En acc\u00e9dant \u00e0 notre site web, vous acceptez l\u2019ensemble des modalit\u00e9s ci-dessus.<\/span><\/p>\n<p><span style=\"font-family: book antiqua, palatino; color: #52401e;\">Vous avez des questions, des commentaires ou des pr\u00e9occupations sur cet Avis de droits d\u2019auteur et de confidentialit\u00e9 ? Contactez-nous \u00e0 l\u2019adresse e-mail susmentionn\u00e9e.<\/span><\/p>\n","protected":false},"excerpt":{"rendered":"<p>Derni\u00e8re mise \u00e0 jour le 17\u00a0septembre\u00a02023 Bienvenue sur ce site web qui appartient \u00e0 : Open Strange Doors 15 rue des Halles 75001 Paris France Adresse e-mail : L\u2019ensemble de son contenu, y compris les textes et les images, est la propri\u00e9t\u00e9 exclusive d\u2019Open Strange Doors (\u00ab nous \u00bb, \u00ab notre \u00bb, \u00ab nos \u00bb). [&hellip;]<\/p>\n","protected":false},"author":2,"featured_media":0,"parent":0,"menu_order":0,"comment_status":"closed","ping_status":"closed","template":"","meta":{"_genesis_hide_title":false,"_genesis_hide_breadcrumbs":false,"_genesis_hide_singular_image":false,"_genesis_hide_footer_widgets":false,"_genesis_custom_body_class":"","_genesis_custom_post_class":"","_genesis_layout":"","footnotes":""},"class_list":{"0":"post-1379","1":"page","2":"type-page","3":"status-publish","5":"entry"},"_links":{"self":[{"href":"https:\/\/www.searthcabal.com\/fr\/wp-json\/wp\/v2\/pages\/1379","targetHints":{"allow":["GET"]}}],"collection":[{"href":"https:\/\/www.searthcabal.com\/fr\/wp-json\/wp\/v2\/pages"}],"about":[{"href":"https:\/\/www.searthcabal.com\/fr\/wp-json\/wp\/v2\/types\/page"}],"author":[{"embeddable":true,"href":"https:\/\/www.searthcabal.com\/fr\/wp-json\/wp\/v2\/users\/2"}],"replies":[{"embeddable":true,"href":"https:\/\/www.searthcabal.com\/fr\/wp-json\/wp\/v2\/comments?post=1379"}],"version-history":[{"count":4,"href":"https:\/\/www.searthcabal.com\/fr\/wp-json\/wp\/v2\/pages\/1379\/revisions"}],"predecessor-version":[{"id":1437,"href":"https:\/\/www.searthcabal.com\/fr\/wp-json\/wp\/v2\/pages\/1379\/revisions\/1437"}],"wp:attachment":[{"href":"https:\/\/www.searthcabal.com\/fr\/wp-json\/wp\/v2\/media?parent=1379"}],"curies":[{"name":"wp","href":"https:\/\/api.w.org\/{rel}","templated":true}]}}