{"id":59,"date":"2017-08-17T11:22:45","date_gmt":"2017-08-17T11:22:45","guid":{"rendered":"https:\/\/073n1kcakxi.preview.infomaniak.website\/?page_id=59\/"},"modified":"2026-04-09T09:25:53","modified_gmt":"2026-04-09T07:25:53","slug":"auteur","status":"publish","type":"page","link":"https:\/\/www.searthcabal.com\/fr\/auteur\/","title":{"rendered":"Searth qui ?"},"content":{"rendered":"<div class=\"one-half first\">\n<p><span style=\"font-family: book antiqua, palatino; color: #52401e;\">Searth Cabal est un auteur de fantasy historique et d\u2019anticipation. Il na\u00eet et grandit en Europe, o\u00f9 il \u00e9tudie les lettres et la diplomatie, et vit dans plusieurs pays avant de tomber amoureux de la France.<\/span><\/p>\n<p><span style=\"font-family: book antiqua, palatino; color: #52401e;\">Il publie son premier roman, une fantaisie gothique inspir\u00e9e de la sorcellerie de la Renaissance, en 2024\u00a0: voir la page des <a href=\"https:\/\/www.searthcabal.com\/fr\/book\/goetes\/\"><em><span style=\"text-decoration: underline;\">Go\u00e8tes<\/span><\/em><\/a>.<\/span><\/p>\n<p><span style=\"font-family: book antiqua, palatino; color: #52401e;\">Searth aime le froid, la litt\u00e9rature classique et le poker. Il travaille actuellement \u00e0 un nouveau roman en anglais.<\/span><\/p>\n<p style=\"text-align: center;\"><span class=\"has-inline-color\" style=\"color: #52401e; font-family: Kalam; font-size: 15pt;\">Retrouver Searth :<\/span><br \/>\n<a href=\"https:\/\/www.amazon.fr\/stores\/Searth-Cabal\/author\/B01LYK3BYG\" target=\"_blank\" rel=\"noopener\"><img loading=\"lazy\" decoding=\"async\" id=\"author_goodreads\" class=\"alignnone size-full wp-image-1176\" src=\"https:\/\/www.searthcabal.com\/wp-content\/uploads\/amazon-50-2.png\" alt=\"Amazon\" width=\"50\" height=\"50\" \/><\/a> \u00a0 <a href=\"https:\/\/www.goodreads.com\/searthcabal\" target=\"_blank\" rel=\"noopener\"><img loading=\"lazy\" decoding=\"async\" id=\"author_goodreads\" class=\"alignnone size-full wp-image-1176\" src=\"https:\/\/www.searthcabal.com\/wp-content\/uploads\/2021\/08\/goodreads-50.png\" alt=\"Goodreads\" width=\"50\" height=\"50\" \/><\/a> \u00a0 <a href=\"https:\/\/bsky.app\/profile\/searthcabal.bsky.social\" target=\"_blank\" rel=\"noopener\"><img loading=\"lazy\" decoding=\"async\" id=\"author_bluesky\" class=\"alignnone size-full wp-image-1176\" src=\"https:\/\/www.searthcabal.com\/wp-content\/uploads\/bluesky-50.png\" alt=\"Bluesky\" width=\"50\" height=\"50\" \/><\/a> \u00a0 <a href=\"mailto:contact@openstrangedoors.com\" target=\"_blank\" rel=\"noopener\"><img loading=\"lazy\" decoding=\"async\" id=\"contact_email\" class=\"alignnone size-full wp-image-1193\" src=\"https:\/\/www.searthcabal.com\/wp-content\/uploads\/2021\/08\/email-50.png\" alt=\"Email\" width=\"50\" height=\"50\" \/><\/a><\/p>\n<p>&nbsp;\n<\/p><\/div>\n<div class=\"one-half\">\n<figure class=\"wp-block-image size-full is-resized is-style-default\">\n<figure id=\"attachment_1395\" aria-describedby=\"caption-attachment-1395\" style=\"width: 310px\" class=\"wp-caption aligncenter\"><img loading=\"lazy\" decoding=\"async\" class=\"wp-image-1395\" src=\"https:\/\/www.searthcabal.com\/wp-content\/uploads\/Author_image.png\" alt=\"Une image de Searth.\" width=\"310\" height=\"419\" \/><figcaption id=\"caption-attachment-1395\" class=\"wp-caption-text\"><em><span style=\"font-family: book antiqua, palatino; font-size: 11pt; color: #aa997c;\"><span style=\"color: #aa997c;\">Searth vous tire son chapeau.<\/span><br \/><\/span><\/em><\/figcaption><\/figure><\/figure>\n<\/div>\n","protected":false},"excerpt":{"rendered":"<p>Searth Cabal est un auteur de fantasy historique et d\u2019anticipation. Il na\u00eet et grandit en Europe, o\u00f9 il \u00e9tudie les lettres et la diplomatie, et vit dans plusieurs pays avant de tomber amoureux de la France. Il publie son premier roman, une fantaisie gothique inspir\u00e9e de la sorcellerie de la Renaissance, en 2024\u00a0: voir la [&hellip;]<\/p>\n","protected":false},"author":2,"featured_media":0,"parent":0,"menu_order":0,"comment_status":"closed","ping_status":"closed","template":"","meta":{"_genesis_hide_title":false,"_genesis_hide_breadcrumbs":false,"_genesis_hide_singular_image":false,"_genesis_hide_footer_widgets":false,"_genesis_custom_body_class":"","_genesis_custom_post_class":"","_genesis_layout":"","footnotes":""},"class_list":{"0":"post-59","1":"page","2":"type-page","3":"status-publish","5":"entry"},"_links":{"self":[{"href":"https:\/\/www.searthcabal.com\/fr\/wp-json\/wp\/v2\/pages\/59","targetHints":{"allow":["GET"]}}],"collection":[{"href":"https:\/\/www.searthcabal.com\/fr\/wp-json\/wp\/v2\/pages"}],"about":[{"href":"https:\/\/www.searthcabal.com\/fr\/wp-json\/wp\/v2\/types\/page"}],"author":[{"embeddable":true,"href":"https:\/\/www.searthcabal.com\/fr\/wp-json\/wp\/v2\/users\/2"}],"replies":[{"embeddable":true,"href":"https:\/\/www.searthcabal.com\/fr\/wp-json\/wp\/v2\/comments?post=59"}],"version-history":[{"count":5,"href":"https:\/\/www.searthcabal.com\/fr\/wp-json\/wp\/v2\/pages\/59\/revisions"}],"predecessor-version":[{"id":1574,"href":"https:\/\/www.searthcabal.com\/fr\/wp-json\/wp\/v2\/pages\/59\/revisions\/1574"}],"wp:attachment":[{"href":"https:\/\/www.searthcabal.com\/fr\/wp-json\/wp\/v2\/media?parent=59"}],"curies":[{"name":"wp","href":"https:\/\/api.w.org\/{rel}","templated":true}]}}